{"id":36,"date":"2016-01-14T22:36:03","date_gmt":"2016-01-14T21:36:03","guid":{"rendered":"http:\/\/www.3m-maglieria.it\/?page_id=36"},"modified":"2019-03-21T12:48:58","modified_gmt":"2019-03-21T11:48:58","slug":"steiger","status":"publish","type":"page","link":"https:\/\/www.3m-maglieria.it\/index.php\/maglieria\/steiger\/","title":{"rendered":"Produzione macchine Steiger"},"content":{"rendered":"<p><div class=\"fusion-fullwidth fullwidth-box hundred-percent-fullwidth non-hundred-percent-height-scrolling\"  style='background-color: rgba(255,255,255,0);background-position: center center;background-repeat: no-repeat;padding-top:0px;padding-right:0px;padding-bottom:0px;padding-left:0px;border-top-width:0px;border-bottom-width:0px;border-color:#eae9e9;border-top-style:solid;border-bottom-style:solid;'><div class=\"fusion-builder-row fusion-row \"><div  class=\"fusion-layout-column fusion_builder_column fusion_builder_column_1_3  fusion-one-third fusion-column-first 1_3\"  style='margin-top:0px;margin-bottom:20px;width:30.6666%; margin-right: 4%;'>\n\t\t\t\t\t<div class=\"fusion-column-wrapper\" style=\"background-position:right top;background-repeat:no-repeat;-webkit-background-size:cover;-moz-background-size:cover;-o-background-size:cover;background-size:cover;\"  data-bg-url=\"\">\n\t\t\t\t\t\t<span class=\"fusion-imageframe imageframe-none imageframe-1 hover-type-none\"><a class=\"fusion-no-lightbox\" href=\"http:\/\/www.steiger-textil.ch\/\" target=\"_self\" aria-label=\"Produzione macchine Steiger\"><img decoding=\"async\" src=\"http:\/\/www.3m-maglieria.it\/wp-content\/uploads\/2016\/01\/steiger_logo.png\" width=\"\" height=\"\" alt=\"Steiger\" class=\"img-responsive\"\/><\/a><\/span><div class=\"fusion-clearfix\"><\/div>\n\n\t\t\t\t\t<\/div>\n\t\t\t\t<\/div><div  class=\"fusion-layout-column fusion_builder_column fusion_builder_column_2_3  fusion-two-third fusion-column-last 2_3\"  style='margin-top:0px;margin-bottom:20px;width:65.3333%'>\n\t\t\t\t\t<div class=\"fusion-column-wrapper\" style=\"background-position:left top;background-repeat:no-repeat;-webkit-background-size:cover;-moz-background-size:cover;-o-background-size:cover;background-size:cover;\"  data-bg-url=\"\">\n\t\t\t\t\t\t<div class=\"fusion-text\"><h1>PARCO MACCHINE STEIGER<\/h1>\n<\/div><div class=\"fusion-clearfix\"><\/div>\n\n\t\t\t\t\t<\/div>\n\t\t\t\t<\/div><div  class=\"fusion-layout-column fusion_builder_column fusion_builder_column_1_1  fusion-one-full fusion-column-first fusion-column-last 1_1\"  style='margin-top:0px;margin-bottom:20px;'>\n\t\t\t\t\t<div class=\"fusion-column-wrapper\" style=\"background-position:left top;background-repeat:no-repeat;-webkit-background-size:cover;-moz-background-size:cover;-o-background-size:cover;background-size:cover;\"  data-bg-url=\"\">\n\t\t\t\t\t\t\n\t\t\t<!-- START prod macchine REVOLUTION SLIDER 6.5.11 --><p class=\"rs-p-wp-fix\"><\/p>\n\t\t\t<rs-module-wrap id=\"rev_slider_12_1_wrapper\" data-source=\"gallery\" style=\"visibility:hidden;background:transparent;padding:0;margin:0px auto;margin-top:0;margin-bottom:0;\">\n\t\t\t\t<rs-module id=\"rev_slider_12_1\" style=\"\" data-version=\"6.5.11\">\n\t\t\t\t\t<rs-slides>\n\t\t\t\t\t\t<rs-slide style=\"position: absolute;\" data-key=\"rs-119\" data-title=\"Slide\" data-anim=\"ms:1800;\" data-in=\"o:0;\" data-out=\"a:false;\">\n\t\t\t\t\t\t\t<img decoding=\"async\" src=\"\/\/www.3m-maglieria.it\/wp-content\/plugins\/revslider\/public\/assets\/assets\/dummy.png\" title=\"Produzione macchine Steiger\" class=\"rev-slidebg tp-rs-img rs-lazyload\" data-lazyload=\"\/\/www.3m-maglieria.it\/wp-content\/uploads\/2016\/06\/prod_0.jpg\" data-no-retina>\n<!---->\t\t\t\t\t\t<\/rs-slide>\n\t\t\t\t\t\t<rs-slide style=\"position: absolute;\" data-key=\"rs-120\" data-title=\"Slide\" data-in=\"o:0;\" data-out=\"a:false;\">\n\t\t\t\t\t\t\t<img decoding=\"async\" src=\"\/\/www.3m-maglieria.it\/wp-content\/plugins\/revslider\/public\/assets\/assets\/dummy.png\" title=\"Produzione macchine Steiger\" class=\"rev-slidebg tp-rs-img rs-lazyload\" data-lazyload=\"\/\/www.3m-maglieria.it\/wp-content\/uploads\/2016\/06\/prod_1.jpg\" data-no-retina>\n<!---->\t\t\t\t\t\t<\/rs-slide>\n\t\t\t\t\t\t<rs-slide style=\"position: absolute;\" data-key=\"rs-121\" data-title=\"Slide\" data-in=\"o:0;\" data-out=\"a:false;\">\n\t\t\t\t\t\t\t<img decoding=\"async\" src=\"\/\/www.3m-maglieria.it\/wp-content\/plugins\/revslider\/public\/assets\/assets\/dummy.png\" title=\"Produzione macchine Steiger\" class=\"rev-slidebg tp-rs-img rs-lazyload\" data-lazyload=\"\/\/www.3m-maglieria.it\/wp-content\/uploads\/2016\/06\/prod_2.jpg\" data-no-retina>\n<!---->\t\t\t\t\t\t<\/rs-slide>\n\t\t\t\t\t\t<rs-slide style=\"position: absolute;\" data-key=\"rs-122\" data-title=\"Slide\" data-in=\"o:0;\" data-out=\"a:false;\">\n\t\t\t\t\t\t\t<img decoding=\"async\" src=\"\/\/www.3m-maglieria.it\/wp-content\/plugins\/revslider\/public\/assets\/assets\/dummy.png\" title=\"Produzione macchine Steiger\" class=\"rev-slidebg tp-rs-img rs-lazyload\" data-lazyload=\"\/\/www.3m-maglieria.it\/wp-content\/uploads\/2016\/06\/prod_3.jpg\" data-no-retina>\n<!---->\t\t\t\t\t\t<\/rs-slide>\n\t\t\t\t\t<\/rs-slides>\n\t\t\t\t<\/rs-module>\n\t\t\t\t<script type=\"text\/javascript\">\n\t\t\t\t\tsetREVStartSize({c: 'rev_slider_12_1',rl:[1240,1024,778,480],el:[],gw:[1240],gh:[868],type:'standard',justify:'',layout:'fullwidth',mh:\"0\"});if (window.RS_MODULES!==undefined && window.RS_MODULES.modules!==undefined && window.RS_MODULES.modules[\"revslider121\"]!==undefined) {window.RS_MODULES.modules[\"revslider121\"].once = false;window.revapi12 = undefined;if (window.RS_MODULES.checkMinimal!==undefined) window.RS_MODULES.checkMinimal()}\n\t\t\t\t<\/script>\n\t\t\t<\/rs-module-wrap>\n\t\t\t<!-- END REVOLUTION SLIDER -->\n<div class=\"fusion-clearfix\"><\/div>\n\n\t\t\t\t\t<\/div>\n\t\t\t\t<\/div><div  class=\"fusion-layout-column fusion_builder_column fusion_builder_column_1_1  fusion-one-full fusion-column-first fusion-column-last fusion-column-no-min-height 1_1\"  style='margin-top:0px;margin-bottom:0px;'>\n\t\t\t\t\t<div class=\"fusion-column-wrapper\" style=\"background-position:left top;background-repeat:no-repeat;-webkit-background-size:cover;-moz-background-size:cover;-o-background-size:cover;background-size:cover;\"  data-bg-url=\"\">\n\t\t\t\t\t\t<div class=\"fusion-sep-clear\"><\/div><div class=\"fusion-separator fusion-full-width-sep sep-none\" style=\"margin-left: auto;margin-right: auto;margin-top:30px;\"><\/div><div class=\"fusion-clearfix\"><\/div>\n\n\t\t\t\t\t<\/div>\n\t\t\t\t<\/div><div  class=\"fusion-layout-column fusion_builder_column fusion_builder_column_1_1  fusion-one-full fusion-column-first fusion-column-last fusion-column-no-min-height 1_1\"  style='margin-top:0px;margin-bottom:0px;'>\n\t\t\t\t\t<div class=\"fusion-column-wrapper\" style=\"background-position:left top;background-repeat:no-repeat;-webkit-background-size:cover;-moz-background-size:cover;-o-background-size:cover;background-size:cover;\"  data-bg-url=\"\">\n\t\t\t\t\t\t<div class=\"fusion-section-separator section-separator\" style=\"border-top:1px solid #9e9e9e;margin-left:-0px;margin-right:-0px;\"><div class=\"divider-candy-arrow top\" style=\"bottom:0px;border-bottom-color: #f6f6f6;\"><\/div><div class=\"divider-candy top\" style=\"top:-21px;border-bottom:1px solid #9e9e9e;border-left:1px solid #9e9e9e;\"><\/div><\/div><div class=\"fusion-sep-clear\"><\/div><div class=\"fusion-separator fusion-full-width-sep sep-none\" style=\"margin-left: auto;margin-right: auto;margin-top:30px;\"><\/div><div class=\"fusion-clearfix\"><\/div>\n\n\t\t\t\t\t<\/div>\n\t\t\t\t<\/div><div  class=\"fusion-layout-column fusion_builder_column fusion_builder_column_1_1  fusion-one-full fusion-column-first fusion-column-last fusion-no-small-visibility 1_1\"  style='margin-top:0px;margin-bottom:20px;'>\n\t\t\t\t\t<div class=\"fusion-column-wrapper\" style=\"background-position:center top;background-repeat:no-repeat;-webkit-background-size:cover;-moz-background-size:cover;-o-background-size:cover;background-size:cover;\"  data-bg-url=\"\">\n\t\t\t\t\t\t<div class=\"fusion-column-content-centered\"><div class=\"fusion-column-content\"><div class=\"fusion-text\"><h2 style=\"text-align: center;\">Il reparto \u00e8 composto completamente da macchinari di marca STEIGER nota per la qualit\u00e0 della maglia e per la loro capacit\u00e0 di adattarsi ai pi\u00f9 complessi e\u00a0complicati punti di maglieria.<\/h2>\n<\/div><div class=\"fusion-text\"><h2 style=\"text-align: center;\">Disponibili nelle\u00a0finezze 3, \u00a05, \u00a07, \u00a012, di cui disponiamo pi\u00f9 macchine per finezza in modo da soddisfare le commesse importanti in forma di quantitativi e un&#8217;ottima risposta ai tempi di consegna sempre con la massima qualit\u00e0.<\/h2>\n<h2 style=\"text-align: center;\">In tutte le finezze possiamo eseguire intarsi multi-colore, jacquard e tutte le lavorazioni pi\u00f9 complicate per mezzo delle dotazioni tecniche a nostra disposizione.<\/h2>\n<\/div><\/div><\/div><div class=\"fusion-clearfix\"><\/div>\n\n\t\t\t\t\t<\/div>\n\t\t\t\t<\/div><\/div><\/div><div class=\"fusion-fullwidth fullwidth-box nonhundred-percent-fullwidth non-hundred-percent-height-scrolling\"  style='background-color: rgba(255,255,255,0);background-position: left top;background-repeat: no-repeat;padding-top:20px;padding-right:0px;padding-bottom:20px;padding-left:0px;border-top-width:0px;border-bottom-width:0px;border-color:#eae9e9;border-top-style:solid;border-bottom-style:solid;'><div class=\"fusion-builder-row fusion-row \"><div  class=\"fusion-layout-column fusion_builder_column fusion_builder_column_2_3  fusion-two-third fusion-column-first fusion-no-small-visibility 2_3\"  style='margin-top:0px;margin-bottom:20px;'>\n\t\t\t\t\t<div class=\"fusion-column-wrapper\" style=\"background-position:left center;background-repeat:no-repeat;-webkit-background-size:cover;-moz-background-size:cover;-o-background-size:cover;background-size:cover;\"  data-bg-url=\"\">\n\t\t\t\t\t\t<div class=\"fusion-column-content-centered\"><div class=\"fusion-column-content\">\n\t\t\t<!-- START produzione REVOLUTION SLIDER 6.5.11 --><p class=\"rs-p-wp-fix\"><\/p>\n\t\t\t<rs-module-wrap id=\"rev_slider_11_2_wrapper\" data-source=\"gallery\" style=\"visibility:hidden;background:transparent;padding:0;margin:0px auto;margin-top:0;margin-bottom:0;max-width:;\">\n\t\t\t\t<rs-module id=\"rev_slider_11_2\" style=\"\" data-version=\"6.5.11\">\n\t\t\t\t\t<rs-slides>\n\t\t\t\t\t\t<rs-slide style=\"position: absolute;\" data-key=\"rs-37\" data-title=\"Slide\" data-anim=\"ms:600;\" data-in=\"o:0;\" data-out=\"a:false;\" class=\"3-M_maglieria\" id=\"tessitura\" steiger>\n\t\t\t\t\t\t\t<img decoding=\"async\" src=\"\/\/www.3m-maglieria.it\/wp-content\/plugins\/revslider\/public\/assets\/assets\/dummy.png\" title=\"Produzione macchine Steiger\" class=\"rev-slidebg tp-rs-img rs-lazyload\" data-lazyload=\"\/\/www.3m-maglieria.it\/wp-content\/uploads\/2016\/01\/ANTARES-3.130-NEW1-1.png\" data-no-retina>\n<!---->\t\t\t\t\t\t<\/rs-slide>\n\t\t\t\t\t\t<rs-slide style=\"position: absolute;\" data-key=\"rs-38\" data-title=\"Slide\" data-anim=\"ms:1200;p:transparent;\" data-in=\"o:0;\" data-out=\"o:0;\" class=\"3-M_maglieria\" id=\"steiger\" knitting>\n\t\t\t\t\t\t\t<img decoding=\"async\" src=\"\/\/www.3m-maglieria.it\/wp-content\/plugins\/revslider\/public\/assets\/assets\/dummy.png\" title=\"Produzione macchine Steiger\" class=\"rev-slidebg tp-rs-img rs-lazyload\" data-lazyload=\"\/\/www.3m-maglieria.it\/wp-content\/uploads\/2016\/02\/th_immagini0000008.jpg\" data-no-retina>\n<!---->\t\t\t\t\t\t<\/rs-slide>\n\t\t\t\t\t\t<rs-slide style=\"position: absolute;\" data-key=\"rs-39\" data-title=\"Slide\" data-anim=\"ms:1200;p:transparent;\" data-in=\"o:0;\" data-out=\"o:0;\" class=\"3-M_maglieria\" id=\"knitwear\" knitwear steiger>\n\t\t\t\t\t\t\t<img decoding=\"async\" src=\"\/\/www.3m-maglieria.it\/wp-content\/plugins\/revslider\/public\/assets\/assets\/dummy.png\" title=\"Produzione macchine Steiger\" class=\"rev-slidebg tp-rs-img rs-lazyload\" data-lazyload=\"\/\/www.3m-maglieria.it\/wp-content\/uploads\/2016\/02\/VisuSTEIGER_Libra.jpg\" data-no-retina>\n<!---->\t\t\t\t\t\t<\/rs-slide>\n\t\t\t\t\t\t<rs-slide style=\"position: absolute;\" data-key=\"rs-43\" data-title=\"Slide\" data-anim=\"ms:1200;p:transparent;\" data-in=\"o:0;\" data-out=\"o:0;\" class=\"3-M_maglieria\" id=\"tessitura\" steiger>\n\t\t\t\t\t\t\t<img decoding=\"async\" src=\"\/\/www.3m-maglieria.it\/wp-content\/plugins\/revslider\/public\/assets\/assets\/dummy.png\" title=\"Produzione macchine Steiger\" class=\"rev-slidebg tp-rs-img rs-lazyload\" data-lazyload=\"\/\/www.3m-maglieria.it\/wp-content\/uploads\/2016\/02\/Aries_Trameur.png\" data-no-retina>\n<!---->\t\t\t\t\t\t<\/rs-slide>\n\t\t\t\t\t\t<rs-slide style=\"position: absolute;\" data-key=\"rs-123\" data-title=\"Slide\" data-in=\"o:0;\" data-out=\"a:false;\">\n\t\t\t\t\t\t\t<img decoding=\"async\" src=\"\/\/www.3m-maglieria.it\/wp-content\/plugins\/revslider\/public\/assets\/assets\/dummy.png\" title=\"Produzione macchine Steiger\" class=\"rev-slidebg tp-rs-img rs-lazyload\" data-lazyload=\"\/\/www.3m-maglieria.it\/wp-content\/uploads\/2016\/06\/C2185.jpg\" data-no-retina>\n<!---->\t\t\t\t\t\t<\/rs-slide>\n\t\t\t\t\t<\/rs-slides>\n\t\t\t\t<\/rs-module>\n\t\t\t\t<script type=\"text\/javascript\">\n\t\t\t\t\tsetREVStartSize({c: 'rev_slider_11_2',rl:[1240,1024,778,480],el:[],gw:[1240],gh:[868],type:'standard',justify:'',layout:'fullwidth',mh:\"0\"});if (window.RS_MODULES!==undefined && window.RS_MODULES.modules!==undefined && window.RS_MODULES.modules[\"revslider112\"]!==undefined) {window.RS_MODULES.modules[\"revslider112\"].once = false;window.revapi11 = undefined;if (window.RS_MODULES.checkMinimal!==undefined) window.RS_MODULES.checkMinimal()}\n\t\t\t\t<\/script>\n\t\t\t<\/rs-module-wrap>\n\t\t\t<!-- END REVOLUTION SLIDER -->\n<\/div><\/div><div class=\"fusion-clearfix\"><\/div>\n\n\t\t\t\t\t<\/div>\n\t\t\t\t<\/div><div  class=\"fusion-layout-column fusion_builder_column fusion_builder_column_1_3  fusion-one-third fusion-column-last 1_3\"  style='margin-top:0px;margin-bottom:20px;width:30.6666%'>\n\t\t\t\t\t<div class=\"fusion-column-wrapper\" style=\"background-position:left top;background-repeat:no-repeat;-webkit-background-size:cover;-moz-background-size:cover;-o-background-size:cover;background-size:cover;\"  data-bg-url=\"\">\n\t\t\t\t\t\t<div class=\"fusion-text\"><h1><\/h1>\n<h1>Gamma STEIGER a disposizione:<\/h1>\n<ul>\n<li>\n<h3>3 Vesta \u00a0 fin. 12<\/h3>\n<\/li>\n<li>\n<h3>4 Aries 32 guida-fili \u00a0 fin 12<\/h3>\n<\/li>\n<li>\n<h3>3 Aries 24 guida-fili \u00a0 fin 7<\/h3>\n<\/li>\n<li>\n<h3>4 Vesta \u00a0 fin. 7<\/h3>\n<\/li>\n<li>\n<h3>1 Libra 16 guida-fili \u00a0 fin. 5<\/h3>\n<\/li>\n<li>\n<h3>3 Vesta \u00a0 fin. 5<\/h3>\n<\/li>\n<li>\n<h3>3 Vesta \u00a0 fin. 3<\/h3>\n<\/li>\n<\/ul>\n<h1><\/h1>\n<\/div><div class=\"fusion-clearfix\"><\/div>\n\n\t\t\t\t\t<\/div>\n\t\t\t\t<\/div><\/div><\/div><\/p>\n","protected":false},"excerpt":{"rendered":"","protected":false},"author":1,"featured_media":0,"parent":2,"menu_order":0,"comment_status":"closed","ping_status":"closed","template":"","meta":{"footnotes":""},"class_list":["post-36","page","type-page","status-publish","hentry"],"yoast_head":"<!-- This site is optimized with the Yoast SEO plugin v25.3.1 - https:\/\/yoast.com\/wordpress\/plugins\/seo\/ -->\n<title>Produzione macchine Steiger - 3-M Tessitura<\/title>\n<meta name=\"description\" content=\"Produzione su macchine da maglieria di ultima generazione marca Steiger specializzate in intarsio, jacquard e nelle lavorazioni pi\u00f9 complicate.\" \/>\n<meta name=\"robots\" content=\"index, follow, max-snippet:-1, max-image-preview:large, max-video-preview:-1\" \/>\n<link rel=\"canonical\" href=\"https:\/\/www.3m-maglieria.it\/index.php\/maglieria\/steiger\/\" \/>\n<meta property=\"og:locale\" content=\"it_IT\" \/>\n<meta property=\"og:type\" content=\"article\" \/>\n<meta property=\"og:title\" content=\"Produzione macchine Steiger - 3-M Tessitura\" \/>\n<meta property=\"og:description\" content=\"Produzione su macchine da maglieria di ultima generazione marca Steiger specializzate in intarsio, jacquard e nelle lavorazioni pi\u00f9 complicate.\" \/>\n<meta property=\"og:url\" content=\"https:\/\/www.3m-maglieria.it\/index.php\/maglieria\/steiger\/\" \/>\n<meta property=\"og:site_name\" content=\"3-M Tessitura\" \/>\n<meta property=\"article:modified_time\" content=\"2019-03-21T11:48:58+00:00\" \/>\n<meta property=\"og:image\" content=\"http:\/\/www.3m-maglieria.it\/wp-content\/uploads\/2016\/01\/steiger_logo.png\" \/>\n<meta name=\"twitter:card\" content=\"summary_large_image\" \/>\n<meta name=\"twitter:label1\" content=\"Tempo di lettura stimato\" \/>\n\t<meta name=\"twitter:data1\" content=\"4 minuti\" \/>\n<script type=\"application\/ld+json\" class=\"yoast-schema-graph\">{\"@context\":\"https:\/\/schema.org\",\"@graph\":[{\"@type\":\"WebPage\",\"@id\":\"https:\/\/www.3m-maglieria.it\/index.php\/maglieria\/steiger\/\",\"url\":\"https:\/\/www.3m-maglieria.it\/index.php\/maglieria\/steiger\/\",\"name\":\"Produzione macchine Steiger - 3-M Tessitura\",\"isPartOf\":{\"@id\":\"https:\/\/www.3m-maglieria.it\/#website\"},\"primaryImageOfPage\":{\"@id\":\"https:\/\/www.3m-maglieria.it\/index.php\/maglieria\/steiger\/#primaryimage\"},\"image\":{\"@id\":\"https:\/\/www.3m-maglieria.it\/index.php\/maglieria\/steiger\/#primaryimage\"},\"thumbnailUrl\":\"http:\/\/www.3m-maglieria.it\/wp-content\/uploads\/2016\/01\/steiger_logo.png\",\"datePublished\":\"2016-01-14T21:36:03+00:00\",\"dateModified\":\"2019-03-21T11:48:58+00:00\",\"description\":\"Produzione su macchine da maglieria di ultima generazione marca Steiger specializzate in intarsio, jacquard e nelle lavorazioni pi\u00f9 complicate.\",\"breadcrumb\":{\"@id\":\"https:\/\/www.3m-maglieria.it\/index.php\/maglieria\/steiger\/#breadcrumb\"},\"inLanguage\":\"it-IT\",\"potentialAction\":[{\"@type\":\"ReadAction\",\"target\":[\"https:\/\/www.3m-maglieria.it\/index.php\/maglieria\/steiger\/\"]}]},{\"@type\":\"ImageObject\",\"inLanguage\":\"it-IT\",\"@id\":\"https:\/\/www.3m-maglieria.it\/index.php\/maglieria\/steiger\/#primaryimage\",\"url\":\"http:\/\/www.3m-maglieria.it\/wp-content\/uploads\/2016\/01\/steiger_logo.png\",\"contentUrl\":\"http:\/\/www.3m-maglieria.it\/wp-content\/uploads\/2016\/01\/steiger_logo.png\"},{\"@type\":\"BreadcrumbList\",\"@id\":\"https:\/\/www.3m-maglieria.it\/index.php\/maglieria\/steiger\/#breadcrumb\",\"itemListElement\":[{\"@type\":\"ListItem\",\"position\":1,\"name\":\"Home\",\"item\":\"https:\/\/www.3m-maglieria.it\/\"},{\"@type\":\"ListItem\",\"position\":2,\"name\":\"Azienda\",\"item\":\"https:\/\/www.3m-maglieria.it\/index.php\/maglieria\/\"},{\"@type\":\"ListItem\",\"position\":3,\"name\":\"Produzione macchine Steiger\"}]},{\"@type\":\"WebSite\",\"@id\":\"https:\/\/www.3m-maglieria.it\/#website\",\"url\":\"https:\/\/www.3m-maglieria.it\/\",\"name\":\"3-M Tessitura\",\"description\":\"maglieria intarsio jacquard calata\",\"potentialAction\":[{\"@type\":\"SearchAction\",\"target\":{\"@type\":\"EntryPoint\",\"urlTemplate\":\"https:\/\/www.3m-maglieria.it\/?s={search_term_string}\"},\"query-input\":{\"@type\":\"PropertyValueSpecification\",\"valueRequired\":true,\"valueName\":\"search_term_string\"}}],\"inLanguage\":\"it-IT\"}]}<\/script>\n<!-- \/ Yoast SEO plugin. -->","yoast_head_json":{"title":"Produzione macchine Steiger - 3-M Tessitura","description":"Produzione su macchine da maglieria di ultima generazione marca Steiger specializzate in intarsio, jacquard e nelle lavorazioni pi\u00f9 complicate.","robots":{"index":"index","follow":"follow","max-snippet":"max-snippet:-1","max-image-preview":"max-image-preview:large","max-video-preview":"max-video-preview:-1"},"canonical":"https:\/\/www.3m-maglieria.it\/index.php\/maglieria\/steiger\/","og_locale":"it_IT","og_type":"article","og_title":"Produzione macchine Steiger - 3-M Tessitura","og_description":"Produzione su macchine da maglieria di ultima generazione marca Steiger specializzate in intarsio, jacquard e nelle lavorazioni pi\u00f9 complicate.","og_url":"https:\/\/www.3m-maglieria.it\/index.php\/maglieria\/steiger\/","og_site_name":"3-M Tessitura","article_modified_time":"2019-03-21T11:48:58+00:00","og_image":[{"url":"http:\/\/www.3m-maglieria.it\/wp-content\/uploads\/2016\/01\/steiger_logo.png","type":"","width":"","height":""}],"twitter_card":"summary_large_image","twitter_misc":{"Tempo di lettura stimato":"4 minuti"},"schema":{"@context":"https:\/\/schema.org","@graph":[{"@type":"WebPage","@id":"https:\/\/www.3m-maglieria.it\/index.php\/maglieria\/steiger\/","url":"https:\/\/www.3m-maglieria.it\/index.php\/maglieria\/steiger\/","name":"Produzione macchine Steiger - 3-M Tessitura","isPartOf":{"@id":"https:\/\/www.3m-maglieria.it\/#website"},"primaryImageOfPage":{"@id":"https:\/\/www.3m-maglieria.it\/index.php\/maglieria\/steiger\/#primaryimage"},"image":{"@id":"https:\/\/www.3m-maglieria.it\/index.php\/maglieria\/steiger\/#primaryimage"},"thumbnailUrl":"http:\/\/www.3m-maglieria.it\/wp-content\/uploads\/2016\/01\/steiger_logo.png","datePublished":"2016-01-14T21:36:03+00:00","dateModified":"2019-03-21T11:48:58+00:00","description":"Produzione su macchine da maglieria di ultima generazione marca Steiger specializzate in intarsio, jacquard e nelle lavorazioni pi\u00f9 complicate.","breadcrumb":{"@id":"https:\/\/www.3m-maglieria.it\/index.php\/maglieria\/steiger\/#breadcrumb"},"inLanguage":"it-IT","potentialAction":[{"@type":"ReadAction","target":["https:\/\/www.3m-maglieria.it\/index.php\/maglieria\/steiger\/"]}]},{"@type":"ImageObject","inLanguage":"it-IT","@id":"https:\/\/www.3m-maglieria.it\/index.php\/maglieria\/steiger\/#primaryimage","url":"http:\/\/www.3m-maglieria.it\/wp-content\/uploads\/2016\/01\/steiger_logo.png","contentUrl":"http:\/\/www.3m-maglieria.it\/wp-content\/uploads\/2016\/01\/steiger_logo.png"},{"@type":"BreadcrumbList","@id":"https:\/\/www.3m-maglieria.it\/index.php\/maglieria\/steiger\/#breadcrumb","itemListElement":[{"@type":"ListItem","position":1,"name":"Home","item":"https:\/\/www.3m-maglieria.it\/"},{"@type":"ListItem","position":2,"name":"Azienda","item":"https:\/\/www.3m-maglieria.it\/index.php\/maglieria\/"},{"@type":"ListItem","position":3,"name":"Produzione macchine Steiger"}]},{"@type":"WebSite","@id":"https:\/\/www.3m-maglieria.it\/#website","url":"https:\/\/www.3m-maglieria.it\/","name":"3-M Tessitura","description":"maglieria intarsio jacquard calata","potentialAction":[{"@type":"SearchAction","target":{"@type":"EntryPoint","urlTemplate":"https:\/\/www.3m-maglieria.it\/?s={search_term_string}"},"query-input":{"@type":"PropertyValueSpecification","valueRequired":true,"valueName":"search_term_string"}}],"inLanguage":"it-IT"}]}},"_links":{"self":[{"href":"https:\/\/www.3m-maglieria.it\/index.php\/wp-json\/wp\/v2\/pages\/36","targetHints":{"allow":["GET"]}}],"collection":[{"href":"https:\/\/www.3m-maglieria.it\/index.php\/wp-json\/wp\/v2\/pages"}],"about":[{"href":"https:\/\/www.3m-maglieria.it\/index.php\/wp-json\/wp\/v2\/types\/page"}],"author":[{"embeddable":true,"href":"https:\/\/www.3m-maglieria.it\/index.php\/wp-json\/wp\/v2\/users\/1"}],"replies":[{"embeddable":true,"href":"https:\/\/www.3m-maglieria.it\/index.php\/wp-json\/wp\/v2\/comments?post=36"}],"version-history":[{"count":31,"href":"https:\/\/www.3m-maglieria.it\/index.php\/wp-json\/wp\/v2\/pages\/36\/revisions"}],"predecessor-version":[{"id":12326,"href":"https:\/\/www.3m-maglieria.it\/index.php\/wp-json\/wp\/v2\/pages\/36\/revisions\/12326"}],"up":[{"embeddable":true,"href":"https:\/\/www.3m-maglieria.it\/index.php\/wp-json\/wp\/v2\/pages\/2"}],"wp:attachment":[{"href":"https:\/\/www.3m-maglieria.it\/index.php\/wp-json\/wp\/v2\/media?parent=36"}],"curies":[{"name":"wp","href":"https:\/\/api.w.org\/{rel}","templated":true}]}}